{"id":3,"date":"2025-07-10T21:02:58","date_gmt":"2025-07-10T21:02:58","guid":{"rendered":"https:\/\/luxurytours.pt\/?page_id=3"},"modified":"2025-11-25T15:06:00","modified_gmt":"2025-11-25T15:06:00","slug":"privacy-policy","status":"publish","type":"page","link":"https:\/\/luxurytours.pt\/pt\/privacy-policy\/","title":{"rendered":"Pol\u00edtica de privacidade"},"content":{"rendered":"<div data-elementor-type=\"wp-page\" data-elementor-id=\"3\" class=\"elementor elementor-3\" data-elementor-post-type=\"page\">\n\t\t\t\t<div class=\"elementor-element elementor-element-6a2fbdfe e-flex e-con-boxed e-con e-parent\" data-id=\"6a2fbdfe\" data-element_type=\"container\" data-e-type=\"container\">\n\t\t\t\t\t<div class=\"e-con-inner\">\n\t\t\t\t<div class=\"elementor-element elementor-element-470776c9 elementor-widget elementor-widget-text-editor\" data-id=\"470776c9\" data-element_type=\"widget\" data-e-type=\"widget\" data-widget_type=\"text-editor.default\">\n\t\t\t\t\t\t\t\t\t<h1 data-start=\"233\" data-end=\"277\"><strong data-start=\"235\" data-end=\"277\">Pol\u00edtica de Privacidade - Luxury Tours Portugal<\/strong><\/h1>\n<p data-start=\"279\" data-end=\"308\"><em data-start=\"279\" data-end=\"308\">\u00daltima atualiza\u00e7\u00e3o: 25\/11\/2025<\/em><\/p>\n<p data-start=\"310\" data-end=\"573\">A Luxury Tours Portugal (\u201cn\u00f3s\u201d, \u201cnosso\u201d, \u201cnos\u201d) est\u00e1 empenhada em proteger a sua privacidade. Esta Pol\u00edtica de Privacidade explica como recolhemos, usamos, armazenamos e protegemos os seus dados pessoais quando visita o nosso website <strong data-start=\"508\" data-end=\"535\"><a class=\"decorated-link\" href=\"https:\/\/luxurytours.pt\/pt\/\" target=\"_new\" rel=\"noopener\" data-start=\"510\" data-end=\"533\">https:\/\/luxurytours.pt\/<\/a><\/strong> ou quando reserva qualquer um dos nossos servi\u00e7os.<\/p>\n<p data-start=\"575\" data-end=\"691\">Cumprimos os <strong data-start=\"594\" data-end=\"639\">Regulamento Geral sobre a Prote\u00e7\u00e3o de Dados (RGPD)<\/strong> e todas as leis portuguesas de prote\u00e7\u00e3o de dados aplic\u00e1veis.<\/p>\n<hr data-start=\"693\" data-end=\"696\">\n<h2 data-start=\"698\" data-end=\"730\"><strong data-start=\"701\" data-end=\"730\">1. Informa\u00e7\u00f5es que recolhemos<\/strong><\/h2>\n<p data-start=\"732\" data-end=\"784\">Podemos recolher os seguintes tipos de dados pessoais:<\/p>\n<h3 data-start=\"786\" data-end=\"829\"><strong data-start=\"790\" data-end=\"829\">A. Informa\u00e7\u00f5es fornecidas diretamente pelo utilizador<\/strong><\/h3>\n<ul data-start=\"830\" data-end=\"999\">\n<li data-start=\"830\" data-end=\"838\">\n<p data-start=\"832\" data-end=\"838\">Nome<\/p>\n<\/li>\n<li data-start=\"839\" data-end=\"856\">\n<p data-start=\"841\" data-end=\"856\">Endere\u00e7o de correio eletr\u00f3nico<\/p>\n<\/li>\n<li data-start=\"857\" data-end=\"873\">\n<p data-start=\"859\" data-end=\"873\">N\u00famero de telefone<\/p>\n<\/li>\n<li data-start=\"874\" data-end=\"898\">\n<p data-start=\"876\" data-end=\"898\">Pa\u00eds de resid\u00eancia<\/p>\n<\/li>\n<li data-start=\"899\" data-end=\"918\">\n<p data-start=\"901\" data-end=\"918\">Detalhes da reserva<\/p>\n<\/li>\n<li data-start=\"919\" data-end=\"999\">\n<p data-start=\"921\" data-end=\"999\">Informa\u00e7\u00f5es relacionadas com o pagamento (processadas de forma segura atrav\u00e9s de fornecedores terceiros)<\/p>\n<\/li>\n<\/ul>\n<h3 data-start=\"1001\" data-end=\"1047\"><strong data-start=\"1005\" data-end=\"1047\">B. Informa\u00e7\u00f5es recolhidas automaticamente<\/strong><\/h3>\n<p data-start=\"1048\" data-end=\"1105\">Quando visita o nosso s\u00edtio Web, podemos recolher automaticamente:<\/p>\n<ul data-start=\"1106\" data-end=\"1258\">\n<li data-start=\"1106\" data-end=\"1120\">\n<p data-start=\"1108\" data-end=\"1120\">Endere\u00e7o IP<\/p>\n<\/li>\n<li data-start=\"1121\" data-end=\"1149\">\n<p data-start=\"1123\" data-end=\"1149\">Tipo e vers\u00e3o do navegador<\/p>\n<\/li>\n<li data-start=\"1150\" data-end=\"1165\">\n<p data-start=\"1152\" data-end=\"1165\">Tipo de dispositivo<\/p>\n<\/li>\n<li data-start=\"1166\" data-end=\"1182\">\n<p data-start=\"1168\" data-end=\"1182\">P\u00e1ginas visualizadas<\/p>\n<\/li>\n<li data-start=\"1183\" data-end=\"1206\">\n<p data-start=\"1185\" data-end=\"1206\">Tempo passado nas p\u00e1ginas<\/p>\n<\/li>\n<li data-start=\"1207\" data-end=\"1258\">\n<p data-start=\"1209\" data-end=\"1258\">Cookies e tecnologias de rastreio (ver sec\u00e7\u00e3o 7)<\/p>\n<\/li>\n<\/ul>\n<h3 data-start=\"1260\" data-end=\"1301\"><strong data-start=\"1264\" data-end=\"1301\">C. Informa\u00e7\u00f5es de terceiros<\/strong><\/h3>\n<p data-start=\"1302\" data-end=\"1419\">Se reservar atrav\u00e9s de plataformas (por exemplo, Google, TripAdvisor, GetYourGuide), estas podem partilhar os seus dados de reserva connosco.<\/p>\n<hr data-start=\"1421\" data-end=\"1424\">\n<h2 data-start=\"1426\" data-end=\"1463\"><strong data-start=\"1429\" data-end=\"1463\">2. Como utilizamos as suas informa\u00e7\u00f5es<\/strong><\/h2>\n<p data-start=\"1465\" data-end=\"1494\">Utilizamos os seus dados pessoais para:<\/p>\n<ul data-start=\"1496\" data-end=\"1754\">\n<li data-start=\"1496\" data-end=\"1537\">\n<p data-start=\"1498\" data-end=\"1537\">Processar e gerir as suas reservas de viagens<\/p>\n<\/li>\n<li data-start=\"1538\" data-end=\"1580\">\n<p data-start=\"1540\" data-end=\"1580\">Contact\u00e1-lo relativamente \u00e0 sua reserva<\/p>\n<\/li>\n<li data-start=\"1581\" data-end=\"1642\">\n<p data-start=\"1583\" data-end=\"1642\">Enviar confirma\u00e7\u00f5es, actualiza\u00e7\u00f5es e mensagens relacionadas com o servi\u00e7o<\/p>\n<\/li>\n<li data-start=\"1643\" data-end=\"1686\">\n<p data-start=\"1645\" data-end=\"1686\">Melhorar o nosso s\u00edtio Web e a experi\u00eancia do utilizador<\/p>\n<\/li>\n<li data-start=\"1687\" data-end=\"1720\">\n<p data-start=\"1689\" data-end=\"1720\">Responder aos pedidos de informa\u00e7\u00e3o dos clientes<\/p>\n<\/li>\n<li data-start=\"1721\" data-end=\"1754\">\n<p data-start=\"1723\" data-end=\"1754\">Cumprir as obriga\u00e7\u00f5es legais<\/p>\n<\/li>\n<\/ul>\n<p data-start=\"1756\" data-end=\"1802\">Fazemos <strong data-start=\"1762\" data-end=\"1769\">n\u00e3o<\/strong> vender os seus dados a terceiros.<\/p>\n<hr data-start=\"1804\" data-end=\"1807\">\n<h2 data-start=\"1809\" data-end=\"1845\"><strong data-start=\"1812\" data-end=\"1845\">3. Base jur\u00eddica do tratamento<\/strong><\/h2>\n<p data-start=\"1847\" data-end=\"1900\">Processamos os seus dados ao abrigo das seguintes bases legais:<\/p>\n<ul data-start=\"1902\" data-end=\"2157\">\n<li data-start=\"1902\" data-end=\"1943\">\n<p data-start=\"1904\" data-end=\"1943\"><strong data-start=\"1904\" data-end=\"1916\">Contrato<\/strong> - Para efetuar a sua reserva<\/p>\n<\/li>\n<li data-start=\"1944\" data-end=\"2021\">\n<p data-start=\"1946\" data-end=\"2021\"><strong data-start=\"1946\" data-end=\"1957\">Consentimento<\/strong> - Quando o utilizador opta por receber marketing ou d\u00e1 consentimento para cookies<\/p>\n<\/li>\n<li data-start=\"2022\" data-end=\"2084\">\n<p data-start=\"2024\" data-end=\"2084\"><strong data-start=\"2024\" data-end=\"2048\">Interesses leg\u00edtimos<\/strong> - Para melhorar o nosso s\u00edtio e o nosso servi\u00e7o<\/p>\n<\/li>\n<li data-start=\"2085\" data-end=\"2157\">\n<p data-start=\"2087\" data-end=\"2157\"><strong data-start=\"2087\" data-end=\"2107\">Obriga\u00e7\u00e3o legal<\/strong> - Para cumprir os requisitos fiscais ou regulamentares<\/p>\n<\/li>\n<\/ul>\n<hr data-start=\"2159\" data-end=\"2162\">\n<h2 data-start=\"2164\" data-end=\"2191\"><strong data-start=\"2167\" data-end=\"2191\">4. Partilhar os seus dados<\/strong><\/h2>\n<p data-start=\"2193\" data-end=\"2231\">Apenas partilhamos os seus dados pessoais com:<\/p>\n<ul data-start=\"2233\" data-end=\"2404\">\n<li data-start=\"2233\" data-end=\"2300\">\n<p data-start=\"2235\" data-end=\"2300\">Os nossos parceiros de servi\u00e7os aprovados (motoristas, guias, operadores tur\u00edsticos)<\/p>\n<\/li>\n<li data-start=\"2301\" data-end=\"2323\">\n<p data-start=\"2303\" data-end=\"2323\">Processadores de pagamentos<\/p>\n<\/li>\n<li data-start=\"2324\" data-end=\"2363\">\n<p data-start=\"2326\" data-end=\"2363\">Fornecedores de TI que suportam o nosso s\u00edtio Web<\/p>\n<\/li>\n<li data-start=\"2364\" data-end=\"2404\">\n<p data-start=\"2366\" data-end=\"2404\">Autoridades legais, se exigido por lei<\/p>\n<\/li>\n<\/ul>\n<p data-start=\"2406\" data-end=\"2467\">Todos os terceiros cumprem o RGPD e processam os dados de forma segura.<\/p>\n<hr data-start=\"2469\" data-end=\"2472\">\n<h2 data-start=\"2474\" data-end=\"2498\"><strong data-start=\"2477\" data-end=\"2498\">5. Conserva\u00e7\u00e3o de dados<\/strong><\/h2>\n<p data-start=\"2500\" data-end=\"2548\">Conservamos os seus dados apenas durante o tempo necess\u00e1rio:<\/p>\n<ul data-start=\"2550\" data-end=\"2735\">\n<li data-start=\"2550\" data-end=\"2628\">\n<p data-start=\"2552\" data-end=\"2628\">Informa\u00e7\u00f5es sobre reservas e servi\u00e7os: <strong data-start=\"2585\" data-end=\"2602\">at\u00e9 7 anos<\/strong> (obriga\u00e7\u00f5es legais\/fiscais)<\/p>\n<\/li>\n<li data-start=\"2629\" data-end=\"2679\">\n<p data-start=\"2631\" data-end=\"2679\">Consentimento de marketing por correio eletr\u00f3nico: at\u00e9 cancelar a subscri\u00e7\u00e3o<\/p>\n<\/li>\n<li data-start=\"2680\" data-end=\"2735\">\n<p data-start=\"2682\" data-end=\"2735\">An\u00e1lise e cookies: de acordo com a dura\u00e7\u00e3o do cookie<\/p>\n<\/li>\n<\/ul>\n<p data-start=\"2737\" data-end=\"2792\">Quando j\u00e1 n\u00e3o forem necess\u00e1rios, os seus dados s\u00e3o eliminados de forma segura.<\/p>\n<hr data-start=\"2794\" data-end=\"2797\">\n<h2 data-start=\"2799\" data-end=\"2831\"><strong data-start=\"2802\" data-end=\"2831\">6. Os seus direitos ao abrigo do RGPD<\/strong><\/h2>\n<p data-start=\"2833\" data-end=\"2855\">Tem o direito de:<\/p>\n<ul data-start=\"2857\" data-end=\"3131\">\n<li data-start=\"2857\" data-end=\"2886\">\n<p data-start=\"2859\" data-end=\"2886\">Aceder aos seus dados pessoais<\/p>\n<\/li>\n<li data-start=\"2887\" data-end=\"2914\">\n<p data-start=\"2889\" data-end=\"2914\">Corrigir dados incorrectos<\/p>\n<\/li>\n<li data-start=\"2915\" data-end=\"2961\">\n<p data-start=\"2917\" data-end=\"2961\">Solicitar a elimina\u00e7\u00e3o (\u201cdireito a ser esquecido\u201d)<\/p>\n<\/li>\n<li data-start=\"2962\" data-end=\"2982\">\n<p data-start=\"2964\" data-end=\"2982\">Retirar o consentimento<\/p>\n<\/li>\n<li data-start=\"2983\" data-end=\"3006\">\n<p data-start=\"2985\" data-end=\"3006\">Restringir o processamento<\/p>\n<\/li>\n<li data-start=\"3007\" data-end=\"3035\">\n<p data-start=\"3009\" data-end=\"3035\">Solicitar a portabilidade dos dados<\/p>\n<\/li>\n<li data-start=\"3036\" data-end=\"3060\">\n<p data-start=\"3038\" data-end=\"3060\">Obje\u00e7\u00e3o ao tratamento<\/p>\n<\/li>\n<li data-start=\"3061\" data-end=\"3131\">\n<p data-start=\"3063\" data-end=\"3131\">Apresentar uma queixa \u00e0 CNPD (Comiss\u00e3o Nacional de Prote\u00e7\u00e3o de Dados)<\/p>\n<\/li>\n<\/ul>\n<p data-start=\"3133\" data-end=\"3172\">Para exercer os seus direitos, contacte-nos atrav\u00e9s do seguinte endere\u00e7o<\/p>\n<p data-start=\"3174\" data-end=\"3203\"><img decoding=\"async\" draggable=\"false\" role=\"img\" class=\"emoji\" alt=\"\ud83d\udce7\" src=\"https:\/\/s.w.org\/images\/core\/emoji\/16.0.1\/svg\/1f4e7.svg\"> <strong data-start=\"3177\" data-end=\"3203\"><a class=\"decorated-link cursor-pointer\" rel=\"noopener\" data-start=\"3179\" data-end=\"3201\">luxurytoursp@gmail.com<\/a><\/strong><\/p>\n<hr data-start=\"3205\" data-end=\"3208\">\n<h2 data-start=\"3210\" data-end=\"3251\"><strong data-start=\"3213\" data-end=\"3251\">7. Cookies e tecnologias de rastreio<\/strong><\/h2>\n<p data-start=\"3253\" data-end=\"3281\">O nosso s\u00edtio Web utiliza cookies para:<\/p>\n<ul data-start=\"3283\" data-end=\"3395\">\n<li data-start=\"3283\" data-end=\"3308\">\n<p data-start=\"3285\" data-end=\"3308\">Melhorar a funcionalidade<\/p>\n<\/li>\n<li data-start=\"3309\" data-end=\"3334\">\n<p data-start=\"3311\" data-end=\"3334\">Analisar a utiliza\u00e7\u00e3o do s\u00edtio Web<\/p>\n<\/li>\n<li data-start=\"3335\" data-end=\"3371\">\n<p data-start=\"3337\" data-end=\"3371\">Melhorar a sua experi\u00eancia de navega\u00e7\u00e3o<\/p>\n<\/li>\n<li data-start=\"3372\" data-end=\"3395\">\n<p data-start=\"3374\" data-end=\"3395\">Personalizar conte\u00fados<\/p>\n<\/li>\n<\/ul>\n<p data-start=\"3397\" data-end=\"3524\">Pode gerir ou desativar os cookies atrav\u00e9s das defini\u00e7\u00f5es do seu browser. Ao continuar a navegar no nosso s\u00edtio, o utilizador aceita a utiliza\u00e7\u00e3o dos nossos cookies.<\/p>\n<hr data-start=\"3526\" data-end=\"3529\">\n<h2 data-start=\"3531\" data-end=\"3569\"><strong data-start=\"3534\" data-end=\"3569\">8. Seguran\u00e7a das informa\u00e7\u00f5es do utilizador<\/strong><\/h2>\n<p data-start=\"3571\" data-end=\"3661\">Implementamos fortes medidas t\u00e9cnicas e organizacionais para proteger os seus dados, incluindo:<\/p>\n<ul data-start=\"3663\" data-end=\"3741\">\n<li data-start=\"3663\" data-end=\"3681\">\n<p data-start=\"3665\" data-end=\"3681\">Encripta\u00e7\u00e3o SSL<\/p>\n<\/li>\n<li data-start=\"3682\" data-end=\"3700\">\n<p data-start=\"3684\" data-end=\"3700\">Servidores seguros<\/p>\n<\/li>\n<li data-start=\"3701\" data-end=\"3719\">\n<p data-start=\"3703\" data-end=\"3719\">Controlo de acesso<\/p>\n<\/li>\n<li data-start=\"3720\" data-end=\"3741\">\n<p data-start=\"3722\" data-end=\"3741\">Minimiza\u00e7\u00e3o de dados<\/p>\n<\/li>\n<\/ul>\n<p data-start=\"3743\" data-end=\"3784\">No entanto, nenhum sistema em linha \u00e9 100% seguro.<\/p>\n<hr data-start=\"3786\" data-end=\"3789\">\n<h2 data-start=\"3791\" data-end=\"3827\"><strong data-start=\"3794\" data-end=\"3827\">9. Liga\u00e7\u00f5es a s\u00edtios Web externos<\/strong><\/h2>\n<p data-start=\"3829\" data-end=\"3984\">O nosso s\u00edtio Web pode conter liga\u00e7\u00f5es para s\u00edtios de terceiros. N\u00e3o somos respons\u00e1veis pelo seu conte\u00fado ou pr\u00e1ticas de privacidade. Consulte as suas pol\u00edticas separadamente.<\/p>\n<hr data-start=\"3986\" data-end=\"3989\">\n<h2 data-start=\"3991\" data-end=\"4012\"><strong data-start=\"3994\" data-end=\"4012\">10. Contactar-nos<\/strong><\/h2>\n<p data-start=\"4014\" data-end=\"4083\">Para quest\u00f5es sobre esta Pol\u00edtica de Privacidade ou sobre os seus direitos em mat\u00e9ria de dados, contacte:<\/p>\n<p data-start=\"4085\" data-end=\"4140\"><img decoding=\"async\" draggable=\"false\" role=\"img\" class=\"emoji\" alt=\"\ud83d\udce7\" src=\"https:\/\/s.w.org\/images\/core\/emoji\/16.0.1\/svg\/1f4e7.svg\"> <strong data-start=\"4088\" data-end=\"4114\"><a class=\"decorated-link cursor-pointer\" rel=\"noopener\" data-start=\"4090\" data-end=\"4112\">luxurytoursp@gmail.com<\/a><\/strong><br data-start=\"4114\" data-end=\"4117\"><img decoding=\"async\" draggable=\"false\" role=\"img\" class=\"emoji\" alt=\"\ud83d\udcf1\" src=\"https:\/\/s.w.org\/images\/core\/emoji\/16.0.1\/svg\/1f4f1.svg\"> <strong data-start=\"4120\" data-end=\"4140\">+351 918 521 072<\/strong><\/p>\n<p data-start=\"4142\" data-end=\"4184\">Tours de Luxo em Portugal<br data-start=\"4163\" data-end=\"4166\">Lisboa, Portugal<\/p>\n<hr data-start=\"4186\" data-end=\"4189\">\n<h2 data-start=\"4191\" data-end=\"4232\"><strong data-start=\"4194\" data-end=\"4232\">11. Altera\u00e7\u00f5es \u00e0 presente pol\u00edtica de privacidade<\/strong><\/h2>\n<p data-start=\"4234\" data-end=\"4355\">Poderemos atualizar esta pol\u00edtica periodicamente. Quaisquer altera\u00e7\u00f5es ser\u00e3o publicadas nesta p\u00e1gina com uma data actualizada da \u201c\u00daltima atualiza\u00e7\u00e3o\u201d.<\/p>\t\t\t\t\t\t\t\t<\/div>\n\t\t\t\t\t<\/div>\n\t\t\t\t<\/div>\n\t\t\t\t<\/div>","protected":false},"excerpt":{"rendered":"<p>Privacy Policy \u2013 Luxury Tours Portugal Last updated: 25\/11\/2025 Luxury Tours Portugal (\u201cwe\u201d, \u201cour\u201d, \u201cus\u201d) is committed to protecting your privacy. This Privacy Policy explains how we collect, use, store, and protect your personal data when you visit our website https:\/\/luxurytours.pt\/ or when you book any of our services. We comply with the General Data&hellip;<\/p>","protected":false},"author":1,"featured_media":0,"parent":0,"menu_order":0,"comment_status":"closed","ping_status":"open","template":"","meta":{"footnotes":""},"class_list":["post-3","page","type-page","status-publish","hentry"],"_links":{"self":[{"href":"https:\/\/luxurytours.pt\/pt\/wp-json\/wp\/v2\/pages\/3","targetHints":{"allow":["GET"]}}],"collection":[{"href":"https:\/\/luxurytours.pt\/pt\/wp-json\/wp\/v2\/pages"}],"about":[{"href":"https:\/\/luxurytours.pt\/pt\/wp-json\/wp\/v2\/types\/page"}],"author":[{"embeddable":true,"href":"https:\/\/luxurytours.pt\/pt\/wp-json\/wp\/v2\/users\/1"}],"replies":[{"embeddable":true,"href":"https:\/\/luxurytours.pt\/pt\/wp-json\/wp\/v2\/comments?post=3"}],"version-history":[{"count":6,"href":"https:\/\/luxurytours.pt\/pt\/wp-json\/wp\/v2\/pages\/3\/revisions"}],"predecessor-version":[{"id":1142,"href":"https:\/\/luxurytours.pt\/pt\/wp-json\/wp\/v2\/pages\/3\/revisions\/1142"}],"wp:attachment":[{"href":"https:\/\/luxurytours.pt\/pt\/wp-json\/wp\/v2\/media?parent=3"}],"curies":[{"name":"wp","href":"https:\/\/api.w.org\/{rel}","templated":true}]}}