{"id":911,"date":"2025-08-09T01:12:54","date_gmt":"2025-08-09T01:12:54","guid":{"rendered":"https:\/\/luxurytours.pt\/?page_id=911"},"modified":"2025-08-20T13:52:02","modified_gmt":"2025-08-20T13:52:02","slug":"terms-and-conditions","status":"publish","type":"page","link":"https:\/\/luxurytours.pt\/es\/terms-and-conditions\/","title":{"rendered":"Condiciones generales"},"content":{"rendered":"<div data-elementor-type=\"wp-page\" data-elementor-id=\"911\" class=\"elementor elementor-911\" data-elementor-post-type=\"page\">\n\t\t\t\t<div class=\"elementor-element elementor-element-45e20d1 e-flex e-con-boxed e-con e-parent\" data-id=\"45e20d1\" data-element_type=\"container\" data-e-type=\"container\">\n\t\t\t\t\t<div class=\"e-con-inner\">\n\t\t\t\t<div class=\"elementor-element elementor-element-ac91b90 elementor-widget elementor-widget-text-editor\" data-id=\"ac91b90\" data-element_type=\"widget\" data-e-type=\"widget\" data-widget_type=\"text-editor.default\">\n\t\t\t\t\t\t\t\t\t<h1 data-start=\"218\" data-end=\"246\"><strong data-start=\"220\" data-end=\"244\">Condiciones generales<\/strong><\/h1><p data-start=\"247\" data-end=\"278\"><strong data-start=\"247\" data-end=\"264\">\u00daltima actualizaci\u00f3n:<\/strong> 20 de agosto de 2025<\/p><h2 data-start=\"280\" data-end=\"317\"><strong data-start=\"283\" data-end=\"315\">ACEPTACI\u00d3N DE NUESTRAS CONDICIONES LEGALES<\/strong><\/h2><p data-start=\"318\" data-end=\"568\">Somos <strong data-start=\"325\" data-end=\"345\">Exaltideias, Lda<\/strong> (\"Empresa\", \"nosotros\", \"nos\", \"nuestro\"), que cotiza como <strong data-start=\"389\" data-end=\"414\">Viajes de lujo Portugal<\/strong>y operamos este sitio web, as\u00ed como cualquier otro producto y servicio relacionado que haga referencia o enlace a estos t\u00e9rminos legales (colectivamente, los \"Servicios\").<\/p><p data-start=\"570\" data-end=\"746\">Puede ponerse en contacto con nosotros por tel\u00e9fono en <strong data-start=\"601\" data-end=\"623\">(+351) 918 521 072<\/strong>por correo electr\u00f3nico a <strong data-start=\"637\" data-end=\"663\"><a class=\"cursor-pointer\" rel=\"noopener\" data-start=\"639\" data-end=\"661\">luxurytoursp@gmail.com<\/a><\/strong>o por correo a<br data-start=\"679\" data-end=\"682\" \/><strong data-start=\"682\" data-end=\"743\">R. das Caravelas 12, 2970-530 Sesimbra, Set\u00fabal, Portugal<\/strong>.<\/p><p data-start=\"748\" data-end=\"1074\">Las presentes Condiciones Legales constituyen un acuerdo jur\u00eddicamente vinculante celebrado entre usted, ya sea personalmente o en nombre de una entidad (\"usted\"), y <strong data-start=\"881\" data-end=\"901\">Exaltideias, Lda<\/strong>relativas a su acceso y uso de los Servicios. Al acceder a los Servicios, usted reconoce que ha le\u00eddo, comprendido y aceptado las presentes Condiciones Legales.<\/p><p data-start=\"1076\" data-end=\"1223\">Si usted <strong data-start=\"1083\" data-end=\"1099\">no est\u00e1n de acuerdo<\/strong> con todas estas Condiciones Legales, se le proh\u00edbe expresamente utilizar los Servicios y deber\u00e1 interrumpir su uso inmediatamente.<\/p><p data-start=\"1225\" data-end=\"1531\">Nos reservamos el derecho a realizar cambios en estas Condiciones legales en cualquier momento y por cualquier motivo. Los cambios se publicar\u00e1n aqu\u00ed con la fecha de \"\u00daltima actualizaci\u00f3n\". Es su responsabilidad revisar estos t\u00e9rminos regularmente. Su uso continuado de los Servicios despu\u00e9s de cualquier actualizaci\u00f3n significa que usted acepta los cambios.<\/p><p data-start=\"1533\" data-end=\"1600\">Le recomendamos que imprima una copia de estas Condiciones Legales para su archivo.<\/p><hr data-start=\"1602\" data-end=\"1605\" \/><h2 data-start=\"1607\" data-end=\"1631\"><strong data-start=\"1610\" data-end=\"1629\">1. NUESTROS SERVICIOS<\/strong><\/h2><p data-start=\"1632\" data-end=\"2017\">Nuestros Servicios consisten en proporcionar visitas guiadas de primera calidad, organizaci\u00f3n de viajes y ofertas asociadas en Portugal, incluyendo (pero sin limitarse a) reservas online, planificaci\u00f3n de itinerarios y experiencias de viaje exclusivas.<br data-start=\"1856\" data-end=\"1859\" \/>Aunque nos esforzamos por ser precisos, no garantizamos que toda la informaci\u00f3n de nuestros Servicios, incluida la disponibilidad, los precios y los itinerarios, est\u00e9 libre de errores.<\/p><hr data-start=\"2019\" data-end=\"2022\" \/><h2 data-start=\"2024\" data-end=\"2064\"><strong data-start=\"2027\" data-end=\"2062\">2. DERECHOS DE PROPIEDAD INTELECTUAL<\/strong><\/h2><p data-start=\"2065\" data-end=\"2310\">A menos que se indique lo contrario, todos los contenidos de nuestros Servicios -incluidos textos, im\u00e1genes, gr\u00e1ficos, logotipos, v\u00eddeos y dise\u00f1os- son de nuestra propiedad exclusiva o nos han sido cedidos bajo licencia y est\u00e1n protegidos por derechos de autor, marcas registradas y otras leyes de propiedad intelectual.<\/p><p data-start=\"2312\" data-end=\"2442\">Queda prohibido copiar, reproducir, distribuir, modificar o utilizar nuestros contenidos con fines comerciales sin autorizaci\u00f3n previa por escrito.<\/p><hr data-start=\"2444\" data-end=\"2447\" \/><h2 data-start=\"2449\" data-end=\"2481\"><strong data-start=\"2452\" data-end=\"2479\">3. REPRESENTACIONES DEL USUARIO<\/strong><\/h2><p data-start=\"2482\" data-end=\"2538\">Al utilizar nuestros Servicios, usted declara y garantiza que:<\/p><ul data-start=\"2539\" data-end=\"2736\"><li data-start=\"2539\" data-end=\"2613\"><p data-start=\"2541\" data-end=\"2613\">Tiene al menos 18 a\u00f1os o cuenta con el consentimiento legal de sus padres o tutores.<\/p><\/li><li data-start=\"2614\" data-end=\"2679\"><p data-start=\"2616\" data-end=\"2679\">Toda la informaci\u00f3n sobre la reserva que facilite ser\u00e1 exacta y completa.<\/p><\/li><li data-start=\"2680\" data-end=\"2736\"><p data-start=\"2682\" data-end=\"2736\">No utilizar\u00e1 los Servicios con fines il\u00edcitos.<\/p><\/li><\/ul><hr data-start=\"2738\" data-end=\"2741\" \/><h2 data-start=\"2743\" data-end=\"2776\"><strong data-start=\"2746\" data-end=\"2774\">4. ACTIVIDADES PROHIBIDAS<\/strong><\/h2><p data-start=\"2777\" data-end=\"2796\">Usted se compromete a no hacerlo:<\/p><ul data-start=\"2797\" data-end=\"3088\"><li data-start=\"2797\" data-end=\"2858\"><p data-start=\"2799\" data-end=\"2858\">Utilizar los Servicios con fines ilegales o no autorizados.<\/p><\/li><li data-start=\"2859\" data-end=\"2938\"><p data-start=\"2861\" data-end=\"2938\">Interferir en la seguridad, el rendimiento o la funcionalidad de los Servicios.<\/p><\/li><li data-start=\"2939\" data-end=\"3005\"><p data-start=\"2941\" data-end=\"3005\">Cargar o transmitir virus, programas maliciosos u otros contenidos da\u00f1inos.<\/p><\/li><li data-start=\"3006\" data-end=\"3088\"><p data-start=\"3008\" data-end=\"3088\">Participar en la recopilaci\u00f3n automatizada de datos (scraping, bots, etc.) sin permiso.<\/p><\/li><\/ul><hr data-start=\"3090\" data-end=\"3093\" \/><h2 data-start=\"3095\" data-end=\"3135\"><strong data-start=\"3098\" data-end=\"3133\">5. CONTRIBUCIONES GENERADAS POR LOS USUARIOS<\/strong><\/h2><p data-start=\"3136\" data-end=\"3483\">Si publica rese\u00f1as, testimonios, fotos u otros contenidos (\"Contribuciones\") en nuestros Servicios, nos concede una licencia mundial, libre de regal\u00edas y perpetua para utilizar, reproducir y publicar dicho contenido en relaci\u00f3n con nuestro negocio.<br data-start=\"3365\" data-end=\"3368\" \/>Usted es el \u00fanico responsable de sus contribuciones y no debe publicar nada ilegal, difamatorio o que infrinja la ley.<\/p><hr data-start=\"3485\" data-end=\"3488\" \/><h2 data-start=\"3490\" data-end=\"3522\"><strong data-start=\"3493\" data-end=\"3520\">6. LICENCIA DE CONTRIBUCI\u00d3N<\/strong><\/h2><p data-start=\"3523\" data-end=\"3674\">Al enviar Contribuciones, nos concede el derecho a utilizarlas en marketing, promociones y en nuestros Servicios sin previo aviso ni compensaci\u00f3n.<\/p><hr data-start=\"3676\" data-end=\"3679\" \/><h2 data-start=\"3681\" data-end=\"3712\"><strong data-start=\"3684\" data-end=\"3710\">7. GESTI\u00d3N DE SERVICIOS<\/strong><\/h2><p data-start=\"3713\" data-end=\"3764\">Nos reservamos el derecho, pero no la obligaci\u00f3n, de:<\/p><ul data-start=\"3765\" data-end=\"3935\"><li data-start=\"3765\" data-end=\"3826\"><p data-start=\"3767\" data-end=\"3826\">Supervisar los Servicios para detectar infracciones de estas Condiciones Legales.<\/p><\/li><li data-start=\"3827\" data-end=\"3877\"><p data-start=\"3829\" data-end=\"3877\">Restringir el acceso a cualquier usuario a nuestra discreci\u00f3n.<\/p><\/li><li data-start=\"3878\" data-end=\"3935\"><p data-start=\"3880\" data-end=\"3935\">Retirar cualquier contenido que consideremos inapropiado o ilegal.<\/p><\/li><\/ul><hr data-start=\"3937\" data-end=\"3940\" \/><h2 data-start=\"3942\" data-end=\"3974\"><strong data-start=\"3945\" data-end=\"3972\">8. DURACI\u00d3N Y RESCISI\u00d3N<\/strong><\/h2><p data-start=\"3975\" data-end=\"4124\">Las presentes Condiciones Legales permanecer\u00e1n en vigor mientras usted utilice los Servicios. Podemos suspender o cancelar su acceso en cualquier momento, por cualquier motivo y sin previo aviso.<\/p><hr data-start=\"4126\" data-end=\"4129\" \/><h2 data-start=\"4131\" data-end=\"4174\"><strong data-start=\"4134\" data-end=\"4172\">9. MODIFICACIONES E INTERRUPCIONES<\/strong><\/h2><p data-start=\"4175\" data-end=\"4426\">Nos reservamos el derecho a modificar, cambiar o interrumpir cualquier parte de los Servicios sin previo aviso.<br data-start=\"4270\" data-end=\"4273\" \/>No nos hacemos responsables de los tiempos de inactividad, interrupciones o retrasos del servicio, ya sean causados por mantenimiento, problemas t\u00e9cnicos o circunstancias ajenas a nuestra voluntad.<\/p><hr data-start=\"4428\" data-end=\"4431\" \/><h2 data-start=\"4433\" data-end=\"4459\"><strong data-start=\"4436\" data-end=\"4457\">10. DERECHO APLICABLE<\/strong><\/h2><p data-start=\"4460\" data-end=\"4554\">Las presentes Condiciones Legales se rigen e interpretan de conformidad con las leyes de <strong data-start=\"4539\" data-end=\"4551\">Portugal<\/strong>.<\/p><hr data-start=\"4556\" data-end=\"4559\" \/><h2 data-start=\"4561\" data-end=\"4592\"><strong data-start=\"4564\" data-end=\"4590\">11. RESOLUCI\u00d3N DE LITIGIOS<\/strong><\/h2><p data-start=\"4593\" data-end=\"4759\">Cualquier disputa se intentar\u00e1 resolver primero de forma amistosa. Si la resoluci\u00f3n no fuera posible, los litigios se someter\u00e1n a la jurisdicci\u00f3n de los tribunales portugueses.<\/p><hr data-start=\"4761\" data-end=\"4764\" \/><h2 data-start=\"4766\" data-end=\"4790\"><strong data-start=\"4769\" data-end=\"4788\">12. CORRECCIONES<\/strong><\/h2><p data-start=\"4791\" data-end=\"4892\">Podemos corregir errores, inexactitudes u omisiones en los Servicios en cualquier momento sin previo aviso.<\/p><hr data-start=\"4894\" data-end=\"4897\" \/><h2 data-start=\"4899\" data-end=\"4922\"><strong data-start=\"4902\" data-end=\"4920\">13. DESCARGO DE RESPONSABILIDAD<\/strong><\/h2><p data-start=\"4923\" data-end=\"5132\">Los Servicios se prestan \"tal cual\", sin garant\u00edas de ning\u00fan tipo, expresas o impl\u00edcitas. No garantizamos que los viajes no sufran retrasos, cambios o cancelaciones debidos a circunstancias ajenas a nuestra voluntad.<\/p><hr data-start=\"5134\" data-end=\"5137\" \/><h2 data-start=\"5139\" data-end=\"5176\"><strong data-start=\"5142\" data-end=\"5174\">14. LIMITACIONES DE RESPONSABILIDAD<\/strong><\/h2><p data-start=\"5177\" data-end=\"5330\">En la m\u00e1xima medida permitida por la ley, no nos hacemos responsables de ning\u00fan da\u00f1o indirecto, incidental o consecuente que surja de su uso de los Servicios.<\/p><hr data-start=\"5332\" data-end=\"5335\" \/><h2 data-start=\"5337\" data-end=\"5365\"><strong data-start=\"5340\" data-end=\"5363\">15. INDEMNIZACI\u00d3N<\/strong><\/h2><p data-start=\"5366\" data-end=\"5573\">Usted acepta indemnizar y mantener indemne a Exaltideias, Lda, sus directores, empleados y socios de cualquier reclamaci\u00f3n, da\u00f1os o gastos derivados de su uso de los Servicios o del incumplimiento de estas Condiciones Legales.<\/p><hr data-start=\"5575\" data-end=\"5578\" \/><h2 data-start=\"5580\" data-end=\"5602\"><strong data-start=\"5583\" data-end=\"5600\">16. DATOS USUARIO<\/strong><\/h2><p data-start=\"5603\" data-end=\"5694\">Mantendremos y procesaremos los datos de su reserva de acuerdo con nuestros <strong data-start=\"5673\" data-end=\"5691\">Pol\u00edtica de privacidad<\/strong>.<\/p><hr data-start=\"5696\" data-end=\"5699\" \/><h2 data-start=\"5701\" data-end=\"5769\"><strong data-start=\"5704\" data-end=\"5767\">17. COMUNICACIONES, TRANSACCIONES Y FIRMAS ELECTR\u00d3NICAS<\/strong><\/h2><p data-start=\"5770\" data-end=\"5905\">Al utilizar nuestros Servicios, usted da su consentimiento para recibir comunicaciones electr\u00f3nicas y acepta que las firmas electr\u00f3nicas son legalmente vinculantes.<\/p><hr data-start=\"5907\" data-end=\"5910\" \/><h2 data-start=\"5912\" data-end=\"5938\"><strong data-start=\"5915\" data-end=\"5936\">18. VARIOS<\/strong><\/h2><p data-start=\"5939\" data-end=\"6159\">Si alguna parte de estas Condiciones Legales se considera inaplicable, las disposiciones restantes permanecer\u00e1n en vigor.<br data-start=\"6049\" data-end=\"6052\" \/>El hecho de que no apliquemos alguna de las disposiciones de estas Condiciones Legales no se considerar\u00e1 una renuncia a dicha disposici\u00f3n.<\/p><hr data-start=\"6161\" data-end=\"6164\" \/><h2 data-start=\"6166\" data-end=\"6185\"><strong data-start=\"6169\" data-end=\"6183\">CONTACTO<\/strong><\/h2><p data-start=\"6186\" data-end=\"6387\">Si tiene alguna pregunta sobre estas Condiciones Legales, p\u00f3ngase en contacto con nosotros:<br data-start=\"6258\" data-end=\"6261\" \/>\ud83d\udcde <strong data-start=\"6264\" data-end=\"6286\">(+351) 918 521 072<\/strong><br data-start=\"6286\" data-end=\"6289\" \/>\ud83d\udce7 <strong data-start=\"6292\" data-end=\"6318\"><a class=\"cursor-pointer\" rel=\"noopener\" data-start=\"6294\" data-end=\"6316\">luxurytoursp@gmail.com<\/a><\/strong><br data-start=\"6318\" data-end=\"6321\" \/>\ud83d\udccd <strong data-start=\"6324\" data-end=\"6385\">R. das Caravelas 12, 2970-530 Sesimbra, Set\u00fabal, Portugal<\/strong><\/p>\t\t\t\t\t\t\t\t<\/div>\n\t\t\t\t\t<\/div>\n\t\t\t\t<\/div>\n\t\t\t\t<\/div>","protected":false},"excerpt":{"rendered":"<p>T\u00e9rminos y Condiciones \u00daltima actualizaci\u00f3n: 20 Agosto 2025 ACEPTACI\u00d3N DE NUESTROS T\u00c9RMINOS LEGALES Somos Exaltideias, Lda (\u201cEmpresa\u201d, \u201cnosotros\u201d, \u201cnos\u201d, \u201cnuestro\u201d), que opera como Luxury Tours Portugal, y operamos este sitio web, as\u00ed como cualquier otro producto y servicio relacionado que se refiera o enlace a estos t\u00e9rminos legales (colectivamente, los \u201cServicios\u201d). Puede contactar con nosotros...<\/p>","protected":false},"author":1,"featured_media":768,"parent":0,"menu_order":0,"comment_status":"closed","ping_status":"closed","template":"","meta":{"footnotes":""},"class_list":["post-911","page","type-page","status-publish","has-post-thumbnail","hentry"],"_links":{"self":[{"href":"https:\/\/luxurytours.pt\/es\/wp-json\/wp\/v2\/pages\/911","targetHints":{"allow":["GET"]}}],"collection":[{"href":"https:\/\/luxurytours.pt\/es\/wp-json\/wp\/v2\/pages"}],"about":[{"href":"https:\/\/luxurytours.pt\/es\/wp-json\/wp\/v2\/types\/page"}],"author":[{"embeddable":true,"href":"https:\/\/luxurytours.pt\/es\/wp-json\/wp\/v2\/users\/1"}],"replies":[{"embeddable":true,"href":"https:\/\/luxurytours.pt\/es\/wp-json\/wp\/v2\/comments?post=911"}],"version-history":[{"count":7,"href":"https:\/\/luxurytours.pt\/es\/wp-json\/wp\/v2\/pages\/911\/revisions"}],"predecessor-version":[{"id":1026,"href":"https:\/\/luxurytours.pt\/es\/wp-json\/wp\/v2\/pages\/911\/revisions\/1026"}],"wp:featuredmedia":[{"embeddable":true,"href":"https:\/\/luxurytours.pt\/es\/wp-json\/wp\/v2\/media\/768"}],"wp:attachment":[{"href":"https:\/\/luxurytours.pt\/es\/wp-json\/wp\/v2\/media?parent=911"}],"curies":[{"name":"wp","href":"https:\/\/api.w.org\/{rel}","templated":true}]}}